{"id":59,"date":"2019-10-24T01:54:01","date_gmt":"2019-10-23T22:54:01","guid":{"rendered":"https:\/\/www.lotustextile.uz\/?page_id=59"},"modified":"2021-01-07T22:46:26","modified_gmt":"2021-01-07T19:46:26","slug":"grup-sirketleri","status":"publish","type":"page","link":"http:\/\/www.minttextile.com\/en\/grup-sirketleri\/","title":{"rendered":"Grup \u015eirketleri"},"content":{"rendered":"<div id=\"td_uid_1_69e4ea0672a5a\" class=\"tdc-zone\"><div class=\"tdc_zone td_uid_1_69e4ea0672a64_rand  wpb_row td-pb-row\"  >\r\n<style scoped>\r\n\r\n\/* custom css *\/\r\n.td_uid_1_69e4ea0672a64_rand {\r\n                    min-height: 0;\r\n                }\r\n<\/style><div id=\"td_uid_2_69e4ea0672c90\" class=\"tdc-row stretch_row_content td-stretch-content\"><div class=\"vc_row td_uid_2_69e4ea0672c94_rand  wpb_row td-pb-row\" >\r\n<style scoped>\r\n\r\n\/* custom css *\/\r\n@media (min-width: 768px) {\r\n\t                .td_uid_2_69e4ea0672c94_rand {\r\n\t                    margin-left: -0px;\r\n\t                    margin-right: -0px;\r\n\t                }\r\n\t                .td_uid_2_69e4ea0672c94_rand .vc_column {\r\n\t                    padding-left: 0px;\r\n\t                    padding-right: 0px;\r\n\t                }\r\n                }\r\n\r\n                \r\n                .td_uid_2_69e4ea0672c94_rand {\r\n                    min-height: 0;\r\n                }\r\n<\/style><div class=\"vc_column td_uid_3_69e4ea0672e44_rand  wpb_column vc_column_container tdc-column td-pb-span6\">\r\n<style scoped>\r\n\r\n\/* custom css *\/\r\n.td_uid_3_69e4ea0672e44_rand {\r\n                    vertical-align: baseline;\r\n                }\r\n\/* inline tdc_css att *\/\r\n\r\n\/* phone *\/\r\n@media (max-width: 767px)\r\n{\r\n.td_uid_3_69e4ea0672e44_rand{\r\ndisplay:none !important;\r\n}\r\n}\r\n\r\n<\/style><div class=\"wpb_wrapper\"><div class=\"tdm_block td_block_wrap tdm_block_inline_image td_uid_4_69e4ea067313a_rand tdm-inline-block tdm-content-horiz-left td-pb-border-top td_block_template_5\"  data-td-block-uid=\"td_uid_4_69e4ea067313a\" ><\/div><\/div><\/div><div class=\"vc_column td_uid_5_69e4ea0678472_rand  wpb_column vc_column_container tdc-column td-pb-span6\">\r\n<style scoped>\r\n\r\n\/* custom css *\/\r\n.td_uid_5_69e4ea0678472_rand {\r\n                    vertical-align: baseline;\r\n                }\r\n<\/style><div class=\"wpb_wrapper\"><div class=\"tdm_block td_block_wrap tdm_block_inline_image td_uid_6_69e4ea0678619_rand tdm-inline-block tdm-content-horiz-left td-pb-border-top td_block_template_5\"  data-td-block-uid=\"td_uid_6_69e4ea0678619\" ><\/div><\/div><\/div><\/div><\/div><div id=\"td_uid_5_69e4ea0678f80\" class=\"tdc-row stretch_row\"><div class=\"vc_row td_uid_7_69e4ea0678f89_rand  wpb_row td-pb-row\" >\r\n<style scoped>\r\n\r\n\/* custom css *\/\r\n.td_uid_7_69e4ea0678f89_rand {\r\n                    min-height: 0;\r\n                }\r\n\/* inline tdc_css att *\/\r\n\r\n.td_uid_7_69e4ea0678f89_rand{\r\npadding-right:10% !important;\r\npadding-left:10% !important;\r\n}\r\n\r\n.td_uid_7_69e4ea0678f89_rand .td_block_wrap{ text-align:left }\r\n\r\n\/* phone *\/\r\n@media (max-width: 767px)\r\n{\r\n.td_uid_7_69e4ea0678f89_rand{\r\npadding-right:0px !important;\r\npadding-left:0px !important;\r\n}\r\n}\r\n\r\n<\/style><div class=\"vc_column td_uid_8_69e4ea067928b_rand  wpb_column vc_column_container tdc-column td-pb-span12\">\r\n<style scoped>\r\n\r\n\/* custom css *\/\r\n.td_uid_8_69e4ea067928b_rand {\r\n                    vertical-align: baseline;\r\n                }\r\n<\/style><div class=\"wpb_wrapper\"><div class=\"tdm_block td_block_wrap tdm_block_column_title td_uid_9_69e4ea067949a_rand tdm-content-horiz-center td-pb-border-top td_block_template_5\"  data-td-block-uid=\"td_uid_9_69e4ea067949a\" >\r\n<style>\r\n\r\n\/* inline tdc_css att *\/\r\n\r\n.td_uid_9_69e4ea067949a_rand{\r\nmargin-top:-150px !important;\r\nmargin-bottom:60px !important;\r\n}\r\n\r\n\/* phone *\/\r\n@media (max-width: 767px)\r\n{\r\n.td_uid_9_69e4ea067949a_rand{\r\nmargin-bottom:20px !important;\r\n}\r\n}\r\n\r\n<\/style><div class=\"td-block-row\"><div class=\"td-block-span12 tdm-col\">\r\n<style>\r\n.td_uid_10_69e4ea0679ccd .tdm-title {\r\n\t\t\t\t\tcolor: #ffffff;\r\n\t\t\t\t}\r\n\t\t\t\t\r\n\t\t\t\t.td_uid_10_69e4ea0679ccd .tdm-title-line  {\r\n\t\t\t\t\twidth: 180px;\r\n\t\t\t\t}\r\n\t\t\t\t\r\n\t\t\t\t.td_uid_9_69e4ea067949a_rand:hover .td_uid_10_69e4ea0679ccd .tdm-title-line  {\r\n\t\t\t\t\twidth: 200px;\r\n\t\t\t\t}\r\n\t\t\t\t\r\n\t\t\t\t.td_uid_10_69e4ea0679ccd .tdm-title-line:after  {\r\n\t\t\t\t\theight: 2px;\r\n\t\t\t\t}\r\n\t\t\t\t\r\n\t\t\t\t.td_uid_10_69e4ea0679ccd .tdm-title-line  {\r\n\t\t\t\t\theight: 49px;\r\n\t\t\t\t}\r\n\t\t\t\t\r\n\t\t\t\t.td_uid_10_69e4ea0679ccd .tdm-title-line:after   {\r\n\t\t\t\t\tbottom: 40%;\r\n\t\t\t\t}\r\n<\/style><div class=\"tds-title tds-title2 td-fix-index td_uid_10_69e4ea0679ccd\"><h3 class=\"tdm-title tdm-title-bg\">Grup \u015eirketlerimiz<\/h3><div class=\"tdm-title-line\"><\/div><\/div><\/div><\/div><\/div><\/div><\/div><\/div><\/div><div id=\"td_uid_7_69e4ea067a1b0\" class=\"tdc-row stretch_row\"><div class=\"vc_row td_uid_11_69e4ea067a1b8_rand  wpb_row td-pb-row\" >\r\n<style scoped>\r\n\r\n\/* custom css *\/\r\n.td_uid_11_69e4ea067a1b8_rand {\r\n                    min-height: 0;\r\n                }\r\n\/* inline tdc_css att *\/\r\n\r\n.td_uid_11_69e4ea067a1b8_rand{\r\npadding-right:10% !important;\r\npadding-left:10% !important;\r\n}\r\n\r\n.td_uid_11_69e4ea067a1b8_rand .td_block_wrap{ text-align:left }\r\n\r\n\/* phone *\/\r\n@media (max-width: 767px)\r\n{\r\n.td_uid_11_69e4ea067a1b8_rand{\r\npadding-right:0px !important;\r\npadding-left:0px !important;\r\n}\r\n}\r\n\r\n<\/style><div class=\"vc_column td_uid_12_69e4ea067a48f_rand  wpb_column vc_column_container tdc-column td-pb-span12\">\r\n<style scoped>\r\n\r\n\/* custom css *\/\r\n.td_uid_12_69e4ea067a48f_rand {\r\n                    vertical-align: baseline;\r\n                }\r\n<\/style><div class=\"wpb_wrapper\"><\/div><\/div><\/div><\/div><div id=\"td_uid_9_69e4ea067a544\" class=\"tdc-row\"><div class=\"vc_row td_uid_13_69e4ea067a54a_rand  wpb_row td-pb-row\" >\r\n<style scoped>\r\n\r\n\/* custom css *\/\r\n.td_uid_13_69e4ea067a54a_rand {\r\n                    min-height: 0;\r\n                }\r\n<\/style><div class=\"vc_column td_uid_14_69e4ea067a7fc_rand  wpb_column vc_column_container tdc-column td-pb-span12\">\r\n<style scoped>\r\n\r\n\/* custom css *\/\r\n.td_uid_14_69e4ea067a7fc_rand {\r\n                    vertical-align: baseline;\r\n                }\r\n<\/style><div class=\"wpb_wrapper\"><\/div><\/div><\/div><\/div><div id=\"td_uid_11_69e4ea067a8ad\" class=\"tdc-row\"><div class=\"vc_row td_uid_15_69e4ea067a8b2_rand  wpb_row td-pb-row\" >\r\n<style scoped>\r\n\r\n\/* custom css *\/\r\n.td_uid_15_69e4ea067a8b2_rand {\r\n                    min-height: 0;\r\n                }\r\n<\/style><div class=\"vc_column td_uid_16_69e4ea067ac46_rand  wpb_column vc_column_container tdc-column td-pb-span4\">\r\n<style scoped>\r\n\r\n\/* custom css *\/\r\n.td_uid_16_69e4ea067ac46_rand {\r\n                    vertical-align: baseline;\r\n                }\r\n<\/style><div class=\"wpb_wrapper\"><div class=\"vc_row_inner td_uid_17_69e4ea067ae39_rand  vc_row vc_inner wpb_row td-pb-row\" >\r\n<style scoped>\r\n\r\n\/* custom css *\/\r\n.td_uid_17_69e4ea067ae39_rand {\r\n                    position: relative !important;\r\n                    top: 0;\r\n                    transform: none;\r\n                    -webkit-transform: none;\r\n                }\r\n<\/style><div class=\"vc_column_inner td_uid_18_69e4ea067b096_rand  wpb_column vc_column_container tdc-inner-column td-pb-span12\">\r\n<style scoped>\r\n\r\n\/* custom css *\/\r\n.td_uid_18_69e4ea067b096_rand {\r\n                    vertical-align: baseline;\r\n                }\r\n<\/style><div class=\"vc_column-inner\"><div class=\"wpb_wrapper\"><div class=\"tdm_block td_block_wrap tdm_block_column_title td_uid_19_69e4ea067b2c1_rand tdm-content-horiz-left td-pb-border-top td_block_template_5\"  data-td-block-uid=\"td_uid_19_69e4ea067b2c1\" ><div class=\"td-block-row\"><div class=\"td-block-span12 tdm-col\">\r\n<style>\r\n\r\n<\/style><div class=\"tds-title tds-title1 td-fix-index td_uid_20_69e4ea067ba77\"><h3 class=\"tdm-title tdm-title-md\">Lotus Textile<\/h3><\/div><\/div><\/div><\/div><div class=\"tdm_block td_block_wrap tdm_block_inline_text td_uid_21_69e4ea067cccd_rand tdm-inline-block tdm-content-horiz-left td-pb-border-top td_block_template_5\"  data-td-block-uid=\"td_uid_21_69e4ea067cccd\" ><p class=\"tdm-descr\">Adres: House 40, Sokhil Street, Bektemir District Tashkent \/ \u00d6zbekistan<br\/><br\/>\n\nTelefon: (+998) 930 049 434<\/p><\/div><\/div><\/div><\/div><\/div><\/div><\/div><div class=\"vc_column td_uid_22_69e4ea067d711_rand  wpb_column vc_column_container tdc-column td-pb-span4\">\r\n<style scoped>\r\n\r\n\/* custom css *\/\r\n.td_uid_22_69e4ea067d711_rand {\r\n                    vertical-align: baseline;\r\n                }\r\n<\/style><div class=\"wpb_wrapper\"><div class=\"tdm_block td_block_wrap tdm_block_column_title td_uid_23_69e4ea067d92c_rand tdm-content-horiz-left td-pb-border-top td_block_template_5\"  data-td-block-uid=\"td_uid_23_69e4ea067d92c\" ><div class=\"td-block-row\"><div class=\"td-block-span12 tdm-col\">\r\n<style>\r\n\r\n<\/style><div class=\"tds-title tds-title1 td-fix-index td_uid_24_69e4ea067e021\"><h3 class=\"tdm-title tdm-title-md\">OOO Astor<\/h3><\/div><\/div><\/div><\/div><div class=\"tdm_block td_block_wrap tdm_block_inline_text td_uid_25_69e4ea067e405_rand tdm-inline-block tdm-content-horiz-left td-pb-border-top td_block_template_5\"  data-td-block-uid=\"td_uid_25_69e4ea067e405\" ><p class=\"tdm-descr\">Adres: Moskova, st. Kulakova, <br\/>bina 20, bina 1A Ofis no : 740<br\/><br\/>\n\nTelefon: +7 (495) 953 57 36<br\/>\nTelefon: +7 (495) 933 57 36<br\/><\/p><\/div><div class=\"tdm_block td_block_wrap tdm_block_button td_uid_26_69e4ea067ee92_rand tdm-block-button-inline tdm-content-horiz-left td-pb-border-top td_block_template_5\"  data-td-block-uid=\"td_uid_26_69e4ea067ee92\"     >\r\n<style>\r\n\r\n<\/style><div class=\"tds-button td-fix-index\"><a \r\n                href=\"https:\/\/www.fabrikastm.com\" \r\n                class=\"tds-button1 tdm-btn tdm-btn-lg td_uid_27_69e4ea067f79f\" ><span class=\"tdm-btn-text\">Web Site<\/span><\/a><\/div><\/div><\/div><\/div><div class=\"vc_column td_uid_28_69e4ea067fdb7_rand  wpb_column vc_column_container tdc-column td-pb-span4\">\r\n<style scoped>\r\n\r\n\/* custom css *\/\r\n.td_uid_28_69e4ea067fdb7_rand {\r\n                    vertical-align: baseline;\r\n                }\r\n<\/style><div class=\"wpb_wrapper\"><div class=\"tdm_block td_block_wrap tdm_block_column_title td_uid_29_69e4ea067ff05_rand tdm-content-horiz-left td-pb-border-top td_block_template_5\"  data-td-block-uid=\"td_uid_29_69e4ea067ff05\" ><div class=\"td-block-row\"><div class=\"td-block-span12 tdm-col\">\r\n<style>\r\n\r\n<\/style><div class=\"tds-title tds-title1 td-fix-index td_uid_30_69e4ea0680610\"><h3 class=\"tdm-title tdm-title-md\">Ulus \u0130n\u015faat ve D\u0131\u015f Ticaret<\/h3><\/div><\/div><\/div><\/div><div class=\"tdm_block td_block_wrap tdm_block_inline_text td_uid_31_69e4ea06809e4_rand tdm-inline-block tdm-content-horiz-left td-pb-border-top td_block_template_5\"  data-td-block-uid=\"td_uid_31_69e4ea06809e4\" ><p class=\"tdm-descr\">Adres: Suadiye Mahallesi \u015eemsettin G\u00fcnaltay Caddesi 3 Kad\u0131k\u00f6y \/ \u0130STANBUL<br\/><br\/>\n\nTelefon: +90216 445 24 85<\/p><\/div><\/div><\/div><\/div><\/div><div id=\"td_uid_17_69e4ea068132e\" class=\"tdc-row stretch_row\"><div class=\"vc_row td_uid_32_69e4ea0681337_rand  wpb_row td-pb-row\" >\r\n<style scoped>\r\n\r\n\/* custom css *\/\r\n.td_uid_32_69e4ea0681337_rand {\r\n                    min-height: 0;\r\n                }\r\n\/* inline tdc_css att *\/\r\n\r\n.td_uid_32_69e4ea0681337_rand{\r\npadding-right:10% !important;\r\npadding-left:10% !important;\r\n}\r\n\r\n.td_uid_32_69e4ea0681337_rand .td_block_wrap{ text-align:left }\r\n\r\n\/* phone *\/\r\n@media (max-width: 767px)\r\n{\r\n.td_uid_32_69e4ea0681337_rand{\r\npadding-right:0px !important;\r\npadding-left:0px !important;\r\n}\r\n}\r\n\r\n<\/style><div class=\"vc_column td_uid_33_69e4ea0681621_rand  wpb_column vc_column_container tdc-column td-pb-span12\">\r\n<style scoped>\r\n\r\n\/* custom css *\/\r\n.td_uid_33_69e4ea0681621_rand {\r\n                    vertical-align: baseline;\r\n                }\r\n<\/style><div class=\"wpb_wrapper\"><\/div><\/div><\/div><\/div><div id=\"td_uid_19_69e4ea06816e3\" class=\"tdc-row stretch_row_1600 td-stretch-content\"><div class=\"vc_row td_uid_34_69e4ea06816e9_rand  wpb_row td-pb-row\" >\r\n<style scoped>\r\n\r\n\/* custom css *\/\r\n@media (min-width: 768px) {\r\n\t                .td_uid_34_69e4ea06816e9_rand {\r\n\t                    margin-left: -10px;\r\n\t                    margin-right: -10px;\r\n\t                }\r\n\t                .td_uid_34_69e4ea06816e9_rand .vc_column {\r\n\t                    padding-left: 10px;\r\n\t                    padding-right: 10px;\r\n\t                }\r\n                }\r\n\r\n                \r\n                .td_uid_34_69e4ea06816e9_rand {\r\n                    min-height: 0;\r\n                }\r\n\/* inline tdc_css att *\/\r\n\r\n.td_uid_34_69e4ea06816e9_rand{\r\nmargin-bottom:40px !important;\r\n}\r\n\r\n.td_uid_34_69e4ea06816e9_rand .td_block_wrap{ text-align:left }\r\n\r\n\/* landscape *\/\r\n@media (min-width: 1019px) and (max-width: 1140px)\r\n{\r\n.td_uid_34_69e4ea06816e9_rand{\r\nmargin-right:-24px !important;\r\nmargin-left:-24px !important;\r\n}\r\n}\r\n\r\n\/* portrait *\/\r\n@media (min-width: 768px) and (max-width: 1018px)\r\n{\r\n.td_uid_34_69e4ea06816e9_rand{\r\nmargin-right:-1px !important;\r\nmargin-left:-1px !important;\r\n}\r\n}\r\n\r\n<\/style><div class=\"vc_column td_uid_35_69e4ea06819fc_rand  wpb_column vc_column_container tdc-column td-pb-span3\">\r\n<style scoped>\r\n\r\n\/* custom css *\/\r\n.td_uid_35_69e4ea06819fc_rand {\r\n                    vertical-align: baseline;\r\n                }\r\n\/* inline tdc_css att *\/\r\n\r\n\/* landscape *\/\r\n@media (min-width: 1019px) and (max-width: 1140px)\r\n{\r\n.td_uid_35_69e4ea06819fc_rand{\r\npadding-right:1px !important;\r\npadding-left:1px !important;\r\n}\r\n}\r\n\r\n\/* portrait *\/\r\n@media (min-width: 768px) and (max-width: 1018px)\r\n{\r\n.td_uid_35_69e4ea06819fc_rand{\r\npadding-right:1px !important;\r\npadding-left:1px !important;\r\nwidth:33.333% !important;\r\n}\r\n}\r\n\r\n<\/style><div class=\"wpb_wrapper\"><\/div><\/div><div class=\"vc_column td_uid_36_69e4ea0681b02_rand  wpb_column vc_column_container tdc-column td-pb-span3\">\r\n<style scoped>\r\n\r\n\/* custom css *\/\r\n.td_uid_36_69e4ea0681b02_rand {\r\n                    vertical-align: baseline;\r\n                }\r\n\/* inline tdc_css att *\/\r\n\r\n\/* landscape *\/\r\n@media (min-width: 1019px) and (max-width: 1140px)\r\n{\r\n.td_uid_36_69e4ea0681b02_rand{\r\npadding-right:1px !important;\r\npadding-left:1px !important;\r\n}\r\n}\r\n\r\n\/* portrait *\/\r\n@media (min-width: 768px) and (max-width: 1018px)\r\n{\r\n.td_uid_36_69e4ea0681b02_rand{\r\npadding-right:1px !important;\r\npadding-left:1px !important;\r\ndisplay:none !important;\r\n}\r\n}\r\n\r\n\/* phone *\/\r\n@media (max-width: 767px)\r\n{\r\n.td_uid_36_69e4ea0681b02_rand{\r\ndisplay:none !important;\r\n}\r\n}\r\n\r\n<\/style><div class=\"wpb_wrapper\"><\/div><\/div><div class=\"vc_column td_uid_37_69e4ea0681c2c_rand  wpb_column vc_column_container tdc-column td-pb-span3\">\r\n<style scoped>\r\n\r\n\/* custom css *\/\r\n.td_uid_37_69e4ea0681c2c_rand {\r\n                    vertical-align: baseline;\r\n                }\r\n\/* inline tdc_css att *\/\r\n\r\n\/* landscape *\/\r\n@media (min-width: 1019px) and (max-width: 1140px)\r\n{\r\n.td_uid_37_69e4ea0681c2c_rand{\r\npadding-right:1px !important;\r\npadding-left:1px !important;\r\n}\r\n}\r\n\r\n\/* portrait *\/\r\n@media (min-width: 768px) and (max-width: 1018px)\r\n{\r\n.td_uid_37_69e4ea0681c2c_rand{\r\npadding-right:1px !important;\r\npadding-left:1px !important;\r\nwidth:33.333% !important;\r\n}\r\n}\r\n\r\n<\/style><div class=\"wpb_wrapper\"><\/div><\/div><div class=\"vc_column td_uid_38_69e4ea0681d11_rand  wpb_column vc_column_container tdc-column td-pb-span3\">\r\n<style scoped>\r\n\r\n\/* custom css *\/\r\n.td_uid_38_69e4ea0681d11_rand {\r\n                    vertical-align: baseline;\r\n                }\r\n\/* inline tdc_css att *\/\r\n\r\n\/* landscape *\/\r\n@media (min-width: 1019px) and (max-width: 1140px)\r\n{\r\n.td_uid_38_69e4ea0681d11_rand{\r\npadding-right:1px !important;\r\npadding-left:1px !important;\r\n}\r\n}\r\n\r\n\/* portrait *\/\r\n@media (min-width: 768px) and (max-width: 1018px)\r\n{\r\n.td_uid_38_69e4ea0681d11_rand{\r\npadding-right:1px !important;\r\npadding-left:1px !important;\r\nwidth:33.333% !important;\r\n}\r\n}\r\n\r\n<\/style><div class=\"wpb_wrapper\"><\/div><\/div><\/div><\/div><\/div><\/div>","protected":false},"excerpt":{"rendered":"","protected":false},"author":1,"featured_media":0,"parent":0,"menu_order":0,"comment_status":"closed","ping_status":"closed","template":"page-pagebuilder-overlay.php","meta":[],"_links":{"self":[{"href":"http:\/\/www.minttextile.com\/en\/wp-json\/wp\/v2\/pages\/59"}],"collection":[{"href":"http:\/\/www.minttextile.com\/en\/wp-json\/wp\/v2\/pages"}],"about":[{"href":"http:\/\/www.minttextile.com\/en\/wp-json\/wp\/v2\/types\/page"}],"author":[{"embeddable":true,"href":"http:\/\/www.minttextile.com\/en\/wp-json\/wp\/v2\/users\/1"}],"replies":[{"embeddable":true,"href":"http:\/\/www.minttextile.com\/en\/wp-json\/wp\/v2\/comments?post=59"}],"version-history":[{"count":1,"href":"http:\/\/www.minttextile.com\/en\/wp-json\/wp\/v2\/pages\/59\/revisions"}],"predecessor-version":[{"id":974,"href":"http:\/\/www.minttextile.com\/en\/wp-json\/wp\/v2\/pages\/59\/revisions\/974"}],"wp:attachment":[{"href":"http:\/\/www.minttextile.com\/en\/wp-json\/wp\/v2\/media?parent=59"}],"curies":[{"name":"wp","href":"https:\/\/api.w.org\/{rel}","templated":true}]}}