{"id":49,"date":"2019-10-24T01:49:15","date_gmt":"2019-10-23T22:49:15","guid":{"rendered":"http:\/\/td_uid_5_5db0d8eba4bc4"},"modified":"2021-01-08T22:19:23","modified_gmt":"2021-01-08T19:19:23","slug":"iletisim","status":"publish","type":"page","link":"http:\/\/www.minttextile.com\/en\/iletisim\/","title":{"rendered":"\u0130leti\u015fim"},"content":{"rendered":"<div id=\"td_uid_1_69e4e9dc0d7d3\" class=\"tdc-zone\"><div class=\"tdc_zone td_uid_1_69e4e9dc0d7dc_rand  wpb_row td-pb-row\"  >\r\n<style scoped>\r\n\r\n\/* custom css *\/\r\n.td_uid_1_69e4e9dc0d7dc_rand {\r\n                    min-height: 0;\r\n                }\r\n<\/style><div id=\"td_uid_2_69e4e9dc0da23\" class=\"tdc-row stretch_row_1200 td-stretch-content\"><div class=\"vc_row td_uid_2_69e4e9dc0da28_rand  wpb_row td-pb-row tdc-element-style\" >\r\n<style scoped>\r\n\r\n\/* custom css *\/\r\n.td_uid_2_69e4e9dc0da28_rand {\r\n                    min-height: 0;\r\n                }\r\n\/* inline tdc_css att *\/\r\n\r\n.td_uid_2_69e4e9dc0da28_rand{\r\npadding-top:240px !important;\r\npadding-right:10% !important;\r\npadding-bottom:320px !important;\r\npadding-left:10% !important;\r\nposition:relative;\r\n}\r\n\r\n.td_uid_2_69e4e9dc0da28_rand .td_block_wrap{ text-align:left }\r\n\r\n\/* landscape *\/\r\n@media (min-width: 1019px) and (max-width: 1140px)\r\n{\r\n.td_uid_2_69e4e9dc0da28_rand{\r\npadding-top:140px !important;\r\npadding-bottom:260px !important;\r\n}\r\n}\r\n\r\n\/* portrait *\/\r\n@media (min-width: 768px) and (max-width: 1018px)\r\n{\r\n.td_uid_2_69e4e9dc0da28_rand{\r\npadding-top:140px !important;\r\npadding-bottom:270px !important;\r\n}\r\n}\r\n\r\n\/* phone *\/\r\n@media (max-width: 767px)\r\n{\r\n.td_uid_2_69e4e9dc0da28_rand{\r\npadding-top:140px !important;\r\npadding-bottom:160px !important;\r\nposition:relative;\r\n}\r\n}\r\n\r\n<\/style>\r\n<div class=\"td_uid_2_69e4e9dc0da23_rand_style td-element-style\" ><div class=\"td-element-style-before\"><style>\r\n.td_uid_2_69e4e9dc0da23_rand_style > .td-element-style-before {\r\ncontent:'' !important;\r\nwidth:100% !important;\r\nheight:100% !important;\r\nposition:absolute !important;\r\ntop:0 !important;\r\nleft:0 !important;\r\ndisplay:block !important;\r\nz-index:0 !important;\r\nbackground-image:url(\"https:\/\/www.lotustextile.uz\/wp-content\/uploads\/2020\/07\/ilet.jpg\") !important;\r\nbackground-size:cover !important;\r\nbackground-position:center top !important;\r\n}\r\n\r\n\/* phone *\/\r\n@media (max-width: 767px)\r\n{\r\n.td_uid_2_69e4e9dc0da23_rand_style > .td-element-style-before{\r\ncontent:'' !important;\r\nwidth:100% !important;\r\nheight:100% !important;\r\nposition:absolute !important;\r\ntop:0 !important;\r\nleft:0 !important;\r\ndisplay:block !important;\r\nz-index:0 !important;\r\nbackground-position:left top !important;\r\n}\r\n}\r\n<\/style><\/div><style> \r\n.td_uid_2_69e4e9dc0da23_rand_style::after {\r\ncontent:'' !important;\r\nwidth:100% !important;\r\nheight:100% !important;\r\nposition:absolute !important;\r\ntop:0 !important;\r\nleft:0 !important;\r\nz-index:0 !important;\r\ndisplay:block !important;\r\nbackground: linear-gradient(rgba(0,0,0,0.6), rgba(0,0,0,0.7)) !important;\r\n}\r\n<\/style><\/div><div class=\"vc_column td_uid_3_69e4e9dc0dbb3_rand  wpb_column vc_column_container tdc-column td-pb-span12\">\r\n<style scoped>\r\n\r\n\/* custom css *\/\r\n.td_uid_3_69e4e9dc0dbb3_rand {\r\n                    vertical-align: baseline;\r\n                }\r\n<\/style><div class=\"wpb_wrapper\"><div class=\"tdm_block td_block_wrap tdm_block_column_title td_uid_4_69e4e9dc0dcc1_rand tdm-content-horiz-center td-pb-border-top td_block_template_5\"  data-td-block-uid=\"td_uid_4_69e4e9dc0dcc1\" ><div class=\"td-block-row\"><div class=\"td-block-span12 tdm-col\">\r\n<style>\r\n.td_uid_5_69e4e9dc14b4a .tdm-title {\r\n\t\t\t\t\tcolor: #ffffff;\r\n\t\t\t\t}\r\n\t\t\t\t\r\n\t\t\t\t.td_uid_5_69e4e9dc14b4a .tdm-title-line  {\r\n\t\t\t\t\twidth: 100px;\r\n\t\t\t\t}\r\n\t\t\t\t\r\n\t\t\t\t.td_uid_4_69e4e9dc0dcc1_rand:hover .td_uid_5_69e4e9dc14b4a .tdm-title-line  {\r\n\t\t\t\t\twidth: 120px;\r\n\t\t\t\t}\r\n\t\t\t\t\r\n\t\t\t\t.td_uid_5_69e4e9dc14b4a .tdm-title-line:after  {\r\n\t\t\t\t\theight: 2px;\r\n\t\t\t\t}\r\n\t\t\t\t\r\n\t\t\t\t.td_uid_5_69e4e9dc14b4a .tdm-title-line  {\r\n\t\t\t\t\theight: 29px;\r\n\t\t\t\t}\r\n\t\t\t\t\r\n\t\t\t\t.td_uid_5_69e4e9dc14b4a .tdm-title-line:after   {\r\n\t\t\t\t\tbottom: 0%;\r\n\t\t\t\t}\r\n<\/style><div class=\"tds-title tds-title2 td-fix-index td_uid_5_69e4e9dc14b4a\"><h1 class=\"tdm-title tdm-title-bg\">\u0130leti\u015fim<\/h1><div class=\"tdm-title-line\"><\/div><\/div><\/div><\/div><\/div><\/div><\/div><\/div><\/div><div id=\"td_uid_4_69e4e9dc14d92\" class=\"tdc-row stretch_row_1200 td-stretch-content\"><div class=\"vc_row td_uid_6_69e4e9dc14d95_rand  wpb_row td-pb-row\" >\r\n<style scoped>\r\n\r\n\/* custom css *\/\r\n.td_uid_6_69e4e9dc14d95_rand {\r\n                    min-height: 0;\r\n                }\r\n\/* inline tdc_css att *\/\r\n\r\n.td_uid_6_69e4e9dc14d95_rand{\r\nmargin-top:-180px !important;\r\n}\r\n\r\n.td_uid_6_69e4e9dc14d95_rand .td_block_wrap{ text-align:left }\r\n\r\n\/* phone *\/\r\n@media (max-width: 767px)\r\n{\r\n.td_uid_6_69e4e9dc14d95_rand{\r\nmargin-top:0px !important;\r\nmargin-right:-20px !important;\r\nmargin-left:-20px !important;\r\n}\r\n}\r\n\r\n<\/style><div class=\"vc_column td_uid_7_69e4e9dc14f66_rand  wpb_column vc_column_container tdc-column td-pb-span12\">\r\n<style scoped>\r\n\r\n\/* custom css *\/\r\n.td_uid_7_69e4e9dc14f66_rand {\r\n                    vertical-align: baseline;\r\n                }\r\n<\/style><div class=\"wpb_wrapper\"><div class=\"tdm_block td_block_wrap tdm_block_column_title td_uid_8_69e4e9dc15080_rand tdm-content-horiz-left td-pb-border-top td_block_template_5\"  data-td-block-uid=\"td_uid_8_69e4e9dc15080\" >\r\n<style>\r\n\r\n\/* inline tdc_css att *\/\r\n\r\n.td_uid_8_69e4e9dc15080_rand{\r\nmargin-top:40px !important;\r\nmargin-bottom:-30px !important;\r\n}\r\n\r\n\/* phone *\/\r\n@media (max-width: 767px)\r\n{\r\n.td_uid_8_69e4e9dc15080_rand{\r\nmargin-top:20px !important;\r\njustify-content:center !important;\r\ntext-align:center !important;\r\n}\r\n}\r\n\r\n<\/style><div class=\"td-block-row\"><div class=\"td-block-span12 tdm-col\">\r\n<style>\r\n.td_uid_9_69e4e9dc1558e .tdm-title {\r\n\t\t\t\t\tcolor: rgba(10,10,10,0.5);\r\n\t\t\t\t}\r\n\t\t\t\t\r\n\t\t\t\t.td_uid_9_69e4e9dc1558e .tdm-title-line  {\r\n\t\t\t\t\twidth: 120px;\r\n\t\t\t\t}\r\n\t\t\t\t\r\n\t\t\t\t.td_uid_9_69e4e9dc1558e .tdm-title-line:after  {\r\n\t\t\t\t\theight: 0px;\r\n\t\t\t\t}\r\n\t\t\t\t\r\n\t\t\t\t.td_uid_9_69e4e9dc1558e .tdm-title-line  {\r\n\t\t\t\t\theight: 0px;\r\n\t\t\t\t}\r\n\t\t\t\t\r\n\t\t\t\t.td_uid_9_69e4e9dc1558e .tdm-title-line:after   {\r\n\t\t\t\t\tbottom: 0%;\r\n\t\t\t\t}\r\n\t\t\t\t\r\n\t\t\t\t\r\n\t\t\t\t.td_uid_9_69e4e9dc1558e .tdm-title-sub  {\r\n\t\t\t\t\tmargin-bottom: 0px;\r\n\t\t\t\t}\r\n<\/style><div class=\"tds-title tds-title3 tdm-subtitle-above td-fix-index td_uid_9_69e4e9dc1558e\"><div class=\"tdm-title-sub\"><\/div><div class=\"tdm-title-line\"><\/div><h3 class=\"tdm-title tdm-title-xsm\">Adres:<\/h3><\/div><\/div><\/div><\/div><div class=\"vc_row_inner td_uid_10_69e4e9dc158ab_rand  vc_row vc_inner wpb_row td-pb-row\" >\r\n<style scoped>\r\n\r\n\/* custom css *\/\r\n@media (min-width: 768px) {\r\n\t                .td_uid_10_69e4e9dc158ab_rand {\r\n\t                    margin-left: -0px;\r\n\t                    margin-right: -0px;\r\n\t                }\r\n\t                .td_uid_10_69e4e9dc158ab_rand .vc_column_inner {\r\n\t                    padding-left: 0px;\r\n\t                    padding-right: 0px;\r\n\t                }\r\n                }\r\n\r\n                \r\n                .td_uid_10_69e4e9dc158ab_rand {\r\n                    position: relative !important;\r\n                    top: 0;\r\n                    transform: none;\r\n                    -webkit-transform: none;\r\n                }\r\n\/* inline tdc_css att *\/\r\n\r\n.td_uid_10_69e4e9dc158ab_rand{\r\nmargin-right:0px !important;\r\nmargin-left:0px !important;\r\nbox-shadow:0 0 40px rgba(0,0,0,0.06) !important;\r\nz-index:1 !important;\r\nposition:relative;\r\n}\r\n\r\n.td_uid_10_69e4e9dc158ab_rand .td_block_wrap{ text-align:left }\r\n\r\n<\/style>\r\n<div class=\"td_uid_6_69e4e9dc158a7_rand_style td-element-style\" ><style>\r\n.td_uid_6_69e4e9dc158a7_rand_style{\r\nbackground-color:#ffffff !important;\r\n}\r\n <\/style><\/div><div class=\"vc_column_inner td_uid_11_69e4e9dc15a0b_rand  wpb_column vc_column_container tdc-inner-column td-pb-span7\">\r\n<style scoped>\r\n\r\n\/* custom css *\/\r\n.td_uid_11_69e4e9dc15a0b_rand {\r\n                    vertical-align: baseline;\r\n                }\r\n\/* inline tdc_css att *\/\r\n\r\n.td_uid_11_69e4e9dc15a0b_rand{\r\npadding-top:50px !important;\r\npadding-right:6% !important;\r\npadding-left:6% !important;\r\n}\r\n\r\n\/* portrait *\/\r\n@media (min-width: 768px) and (max-width: 1018px)\r\n{\r\n.td_uid_11_69e4e9dc15a0b_rand{\r\npadding-top:20px !important;\r\npadding-right:20px !important;\r\npadding-left:20px !important;\r\nwidth:62% !important;\r\n}\r\n}\r\n\r\n\/* phone *\/\r\n@media (max-width: 767px)\r\n{\r\n.td_uid_11_69e4e9dc15a0b_rand{\r\npadding-top:20px !important;\r\npadding-right:20px !important;\r\npadding-left:20px !important;\r\n}\r\n}\r\n\r\n<\/style><div class=\"vc_column-inner\"><div class=\"wpb_wrapper\"><div class=\"tdm_block td_block_wrap tdm_block_column_title td_uid_12_69e4e9dc15b3e_rand tdm-content-horiz-left td-pb-border-top td_block_template_5\"  data-td-block-uid=\"td_uid_12_69e4e9dc15b3e\" >\r\n<style>\r\n\r\n\/* inline tdc_css att *\/\r\n\r\n.td_uid_12_69e4e9dc15b3e_rand{\r\nmargin-bottom:10px !important;\r\n}\r\n\r\n\/* phone *\/\r\n@media (max-width: 767px)\r\n{\r\n.td_uid_12_69e4e9dc15b3e_rand{\r\njustify-content:center !important;\r\ntext-align:center !important;\r\n}\r\n}\r\n\r\n<\/style><div class=\"td-block-row\"><div class=\"td-block-span12 tdm-col\">\r\n<style>\r\n.td_uid_13_69e4e9dc15f7a .tdm-title-line  {\r\n\t\t\t\t\twidth: 120px;\r\n\t\t\t\t}\r\n\t\t\t\t\r\n\t\t\t\t.td_uid_13_69e4e9dc15f7a .tdm-title-line:after  {\r\n\t\t\t\t\theight: 0px;\r\n\t\t\t\t}\r\n\t\t\t\t\r\n\t\t\t\t.td_uid_13_69e4e9dc15f7a .tdm-title-line  {\r\n\t\t\t\t\theight: 0px;\r\n\t\t\t\t}\r\n\t\t\t\t\r\n\t\t\t\t.td_uid_13_69e4e9dc15f7a .tdm-title-line:after   {\r\n\t\t\t\t\tbottom: 0%;\r\n\t\t\t\t}\r\n\t\t\t\t\r\n\t\t\t\t\r\n\t\t\t\t.td_uid_13_69e4e9dc15f7a .tdm-title-sub  {\r\n\t\t\t\t\tmargin-bottom: 0px;\r\n\t\t\t\t}\r\n\t\t\t\t\r\n\t\t\t\tbody .td_uid_13_69e4e9dc15f7a .tdm-title-sub {\r\n\t\t\t\t\tcolor: #f9b800;\r\n\t\t\t\t}\r\n<\/style><div class=\"tds-title tds-title3 tdm-subtitle-above td-fix-index td_uid_13_69e4e9dc15f7a\"><div class=\"tdm-title-sub\"><\/div><div class=\"tdm-title-line\"><\/div><h3 class=\"tdm-title tdm-title-md\">\u0130leti\u015fim Formu<\/h3><\/div><\/div><\/div><\/div><div class=\"wpb_wrapper wpb_text_column td_block_wrap td_block_wrap vc_column_text td_uid_14_69e4e9dc1629c_rand  tagdiv-type td-pb-border-top td_block_template_5\"  data-td-block-uid=\"td_uid_14_69e4e9dc1629c\" >\r\n<style>\r\n\r\n\/* inline tdc_css att *\/\r\n\r\n\/* portrait *\/\r\n@media (min-width: 768px) and (max-width: 1018px)\r\n{\r\n.td_uid_14_69e4e9dc1629c_rand{\r\nmargin-bottom:0px !important;\r\n}\r\n}\r\n\r\n<\/style><div class=\"td-block-title-wrap\"><\/div><div class=\"td-fix-index\"><p>[wpforms id=&#8221;80&#8243; title=&#8221;false&#8221; description=&#8221;false&#8221;]<\/p>\n<\/div><\/div><\/div><\/div><\/div><div class=\"vc_column_inner td_uid_15_69e4e9dc17269_rand  wpb_column vc_column_container tdc-inner-column td-pb-span5\">\r\n<style scoped>\r\n\r\n\/* custom css *\/\r\n.td_uid_15_69e4e9dc17269_rand {\r\n                    vertical-align: baseline;\r\n                }\r\n\/* inline tdc_css att *\/\r\n\r\n.td_uid_15_69e4e9dc17269_rand{\r\npadding-top:60px !important;\r\npadding-right:20px !important;\r\npadding-bottom:200px !important;\r\npadding-left:50px !important;\r\nposition:relative;\r\n}\r\n\r\n\/* landscape *\/\r\n@media (min-width: 1019px) and (max-width: 1140px)\r\n{\r\n.td_uid_15_69e4e9dc17269_rand{\r\npadding-bottom:160px !important;\r\n}\r\n}\r\n\r\n\/* portrait *\/\r\n@media (min-width: 768px) and (max-width: 1018px)\r\n{\r\n.td_uid_15_69e4e9dc17269_rand{\r\npadding-top:30px !important;\r\npadding-bottom:80px !important;\r\npadding-left:20px !important;\r\nwidth:38% !important;\r\n}\r\n}\r\n\r\n\/* phone *\/\r\n@media (max-width: 767px)\r\n{\r\n.td_uid_15_69e4e9dc17269_rand{\r\npadding-top:20px !important;\r\npadding-right:20px !important;\r\npadding-bottom:20px !important;\r\npadding-left:20px !important;\r\n}\r\n}\r\n\r\n<\/style>\r\n<div class=\"td_uid_8_69e4e9dc17265_rand_style td-element-style\" ><style>\r\n.td_uid_8_69e4e9dc17265_rand_style{\r\nbackground-color:#f9b800 !important;\r\n}\r\n <\/style><\/div><div class=\"vc_column-inner\"><div class=\"wpb_wrapper\"><div class=\"tdm_block td_block_wrap tdm_block_column_title td_uid_16_69e4e9dc1734a_rand tdm-content-horiz-left td-pb-border-top td_block_template_5\"  data-td-block-uid=\"td_uid_16_69e4e9dc1734a\" >\r\n<style>\r\n\r\n\/* inline tdc_css att *\/\r\n\r\n.td_uid_16_69e4e9dc1734a_rand{\r\nmargin-bottom:-30px !important;\r\n}\r\n\r\n\/* phone *\/\r\n@media (max-width: 767px)\r\n{\r\n.td_uid_16_69e4e9dc1734a_rand{\r\njustify-content:center !important;\r\ntext-align:center !important;\r\n}\r\n}\r\n\r\n<\/style><div class=\"td-block-row\"><div class=\"td-block-span12 tdm-col\">\r\n<style>\r\n.td_uid_17_69e4e9dc17772 .tdm-title {\r\n\t\t\t\t\tcolor: rgba(10,10,10,0.5);\r\n\t\t\t\t}\r\n\t\t\t\t\r\n\t\t\t\t.td_uid_17_69e4e9dc17772 .tdm-title-line  {\r\n\t\t\t\t\twidth: 120px;\r\n\t\t\t\t}\r\n\t\t\t\t\r\n\t\t\t\t.td_uid_17_69e4e9dc17772 .tdm-title-line:after  {\r\n\t\t\t\t\theight: 0px;\r\n\t\t\t\t}\r\n\t\t\t\t\r\n\t\t\t\t.td_uid_17_69e4e9dc17772 .tdm-title-line  {\r\n\t\t\t\t\theight: 0px;\r\n\t\t\t\t}\r\n\t\t\t\t\r\n\t\t\t\t.td_uid_17_69e4e9dc17772 .tdm-title-line:after   {\r\n\t\t\t\t\tbottom: 0%;\r\n\t\t\t\t}\r\n\t\t\t\t\r\n\t\t\t\t\r\n\t\t\t\t.td_uid_17_69e4e9dc17772 .tdm-title-sub  {\r\n\t\t\t\t\tmargin-bottom: 0px;\r\n\t\t\t\t}\r\n<\/style><div class=\"tds-title tds-title3 tdm-subtitle-above td-fix-index td_uid_17_69e4e9dc17772\"><div class=\"tdm-title-sub\"><\/div><div class=\"tdm-title-line\"><\/div><h3 class=\"tdm-title tdm-title-xsm\">\u00c7al\u0131\u015fma saatleri:<\/h3><\/div><\/div><\/div><\/div><div class=\"tdm_block td_block_wrap tdm_block_column_title td_uid_18_69e4e9dc17a8b_rand tdm-content-horiz-left td-pb-border-top td_block_template_5\"  data-td-block-uid=\"td_uid_18_69e4e9dc17a8b\" >\r\n<style>\r\n\r\n\/* inline tdc_css att *\/\r\n\r\n.td_uid_18_69e4e9dc17a8b_rand{\r\nmargin-bottom:-20px !important;\r\n}\r\n\r\n\/* portrait *\/\r\n@media (min-width: 768px) and (max-width: 1018px)\r\n{\r\n.td_uid_18_69e4e9dc17a8b_rand{\r\nwidth:200px !important;\r\n}\r\n}\r\n\r\n\/* phone *\/\r\n@media (max-width: 767px)\r\n{\r\n.td_uid_18_69e4e9dc17a8b_rand{\r\njustify-content:center !important;\r\ntext-align:center !important;\r\n}\r\n}\r\n\r\n<\/style><div class=\"td-block-row\"><div class=\"td-block-span12 tdm-col\">\r\n<style>\r\n.td_uid_19_69e4e9dc17ea5 .tdm-title-line  {\r\n\t\t\t\t\twidth: 120px;\r\n\t\t\t\t}\r\n\t\t\t\t\r\n\t\t\t\t.td_uid_19_69e4e9dc17ea5 .tdm-title-line:after  {\r\n\t\t\t\t\theight: 0px;\r\n\t\t\t\t}\r\n\t\t\t\t\r\n\t\t\t\t.td_uid_19_69e4e9dc17ea5 .tdm-title-line  {\r\n\t\t\t\t\theight: 0px;\r\n\t\t\t\t}\r\n\t\t\t\t\r\n\t\t\t\t.td_uid_19_69e4e9dc17ea5 .tdm-title-line:after   {\r\n\t\t\t\t\tbottom: 0%;\r\n\t\t\t\t}\r\n\t\t\t\t\r\n\t\t\t\t\r\n\t\t\t\t.td_uid_19_69e4e9dc17ea5 .tdm-title-sub  {\r\n\t\t\t\t\tmargin-bottom: 0px;\r\n\t\t\t\t}\r\n<\/style><div class=\"tds-title tds-title3 tdm-subtitle-above td-fix-index td_uid_19_69e4e9dc17ea5\"><div class=\"tdm-title-sub\"><\/div><div class=\"tdm-title-line\"><\/div><h3 class=\"tdm-title tdm-title-sm\">Pazartesi - Cuma: 08:00 - 17:00<\/h3><\/div><\/div><\/div><\/div><div class=\"tdm_block td_block_wrap tdm_block_column_title td_uid_20_69e4e9dc181b3_rand tdm-content-horiz-left td-pb-border-top td_block_template_5\"  data-td-block-uid=\"td_uid_20_69e4e9dc181b3\" >\r\n<style>\r\n\r\n\/* inline tdc_css att *\/\r\n\r\n.td_uid_20_69e4e9dc181b3_rand{\r\nmargin-top:40px !important;\r\nmargin-bottom:-30px !important;\r\n}\r\n\r\n\/* phone *\/\r\n@media (max-width: 767px)\r\n{\r\n.td_uid_20_69e4e9dc181b3_rand{\r\nmargin-top:20px !important;\r\njustify-content:center !important;\r\ntext-align:center !important;\r\n}\r\n}\r\n\r\n<\/style><div class=\"td-block-row\"><div class=\"td-block-span12 tdm-col\">\r\n<style>\r\n.td_uid_21_69e4e9dc185c2 .tdm-title {\r\n\t\t\t\t\tcolor: rgba(10,10,10,0.5);\r\n\t\t\t\t}\r\n\t\t\t\t\r\n\t\t\t\t.td_uid_21_69e4e9dc185c2 .tdm-title-line  {\r\n\t\t\t\t\twidth: 120px;\r\n\t\t\t\t}\r\n\t\t\t\t\r\n\t\t\t\t.td_uid_21_69e4e9dc185c2 .tdm-title-line:after  {\r\n\t\t\t\t\theight: 0px;\r\n\t\t\t\t}\r\n\t\t\t\t\r\n\t\t\t\t.td_uid_21_69e4e9dc185c2 .tdm-title-line  {\r\n\t\t\t\t\theight: 0px;\r\n\t\t\t\t}\r\n\t\t\t\t\r\n\t\t\t\t.td_uid_21_69e4e9dc185c2 .tdm-title-line:after   {\r\n\t\t\t\t\tbottom: 0%;\r\n\t\t\t\t}\r\n\t\t\t\t\r\n\t\t\t\t\r\n\t\t\t\t.td_uid_21_69e4e9dc185c2 .tdm-title-sub  {\r\n\t\t\t\t\tmargin-bottom: 0px;\r\n\t\t\t\t}\r\n<\/style><div class=\"tds-title tds-title3 tdm-subtitle-above td-fix-index td_uid_21_69e4e9dc185c2\"><div class=\"tdm-title-sub\"><\/div><div class=\"tdm-title-line\"><\/div><h3 class=\"tdm-title tdm-title-xsm\">Adres:<\/h3><\/div><\/div><\/div><\/div><div class=\"tdm_block td_block_wrap tdm_block_column_title td_uid_22_69e4e9dc188d6_rand tdm-content-horiz-left td-pb-border-top td_block_template_5\"  data-td-block-uid=\"td_uid_22_69e4e9dc188d6\" >\r\n<style>\r\n\r\n\/* inline tdc_css att *\/\r\n\r\n.td_uid_22_69e4e9dc188d6_rand{\r\nmargin-bottom:-20px !important;\r\npadding-right:6% !important;\r\n}\r\n\r\n\/* phone *\/\r\n@media (max-width: 767px)\r\n{\r\n.td_uid_22_69e4e9dc188d6_rand{\r\njustify-content:center !important;\r\ntext-align:center !important;\r\n}\r\n}\r\n\r\n<\/style><div class=\"td-block-row\"><div class=\"td-block-span12 tdm-col\">\r\n<style>\r\n.td_uid_23_69e4e9dc18cdb .tdm-title-line  {\r\n\t\t\t\t\twidth: 120px;\r\n\t\t\t\t}\r\n\t\t\t\t\r\n\t\t\t\t.td_uid_23_69e4e9dc18cdb .tdm-title-line:after  {\r\n\t\t\t\t\theight: 0px;\r\n\t\t\t\t}\r\n\t\t\t\t\r\n\t\t\t\t.td_uid_23_69e4e9dc18cdb .tdm-title-line  {\r\n\t\t\t\t\theight: 0px;\r\n\t\t\t\t}\r\n\t\t\t\t\r\n\t\t\t\t.td_uid_23_69e4e9dc18cdb .tdm-title-line:after   {\r\n\t\t\t\t\tbottom: 0%;\r\n\t\t\t\t}\r\n\t\t\t\t\r\n\t\t\t\t\r\n\t\t\t\t.td_uid_23_69e4e9dc18cdb .tdm-title-sub  {\r\n\t\t\t\t\tmargin-bottom: 0px;\r\n\t\t\t\t}\r\n<\/style><div class=\"tds-title tds-title3 tdm-subtitle-above td-fix-index td_uid_23_69e4e9dc18cdb\"><div class=\"tdm-title-sub\"><\/div><div class=\"tdm-title-line\"><\/div><h3 class=\"tdm-title tdm-title-sm\">Mint Textile<br\/>\nMerkez Mah. De\u011firmenbah\u00e7e Cad. Ege \u0130\u015f Merkezi No:16 Yenibosna Bah\u00e7elievler \/ \u0130STANBUL<\/h3><\/div><\/div><\/div><\/div><div class=\"tdm_block td_block_wrap tdm_block_column_title td_uid_24_69e4e9dc18ff1_rand tdm-content-horiz-left td-pb-border-top td_block_template_5\"  data-td-block-uid=\"td_uid_24_69e4e9dc18ff1\" >\r\n<style>\r\n\r\n\/* inline tdc_css att *\/\r\n\r\n.td_uid_24_69e4e9dc18ff1_rand{\r\nmargin-bottom:-30px !important;\r\n}\r\n\r\n\/* phone *\/\r\n@media (max-width: 767px)\r\n{\r\n.td_uid_24_69e4e9dc18ff1_rand{\r\njustify-content:center !important;\r\ntext-align:center !important;\r\n}\r\n}\r\n\r\n<\/style><div class=\"td-block-row\"><div class=\"td-block-span12 tdm-col\">\r\n<style>\r\n.td_uid_25_69e4e9dc193f1 .tdm-title {\r\n\t\t\t\t\tcolor: rgba(10,10,10,0.5);\r\n\t\t\t\t}\r\n\t\t\t\t\r\n\t\t\t\t.td_uid_25_69e4e9dc193f1 .tdm-title-line  {\r\n\t\t\t\t\twidth: 120px;\r\n\t\t\t\t}\r\n\t\t\t\t\r\n\t\t\t\t.td_uid_25_69e4e9dc193f1 .tdm-title-line:after  {\r\n\t\t\t\t\theight: 0px;\r\n\t\t\t\t}\r\n\t\t\t\t\r\n\t\t\t\t.td_uid_25_69e4e9dc193f1 .tdm-title-line  {\r\n\t\t\t\t\theight: 0px;\r\n\t\t\t\t}\r\n\t\t\t\t\r\n\t\t\t\t.td_uid_25_69e4e9dc193f1 .tdm-title-line:after   {\r\n\t\t\t\t\tbottom: 0%;\r\n\t\t\t\t}\r\n\t\t\t\t\r\n\t\t\t\t\r\n\t\t\t\t.td_uid_25_69e4e9dc193f1 .tdm-title-sub  {\r\n\t\t\t\t\tmargin-bottom: 0px;\r\n\t\t\t\t}\r\n<\/style><div class=\"tds-title tds-title3 tdm-subtitle-above td-fix-index td_uid_25_69e4e9dc193f1\"><div class=\"tdm-title-sub\"><\/div><div class=\"tdm-title-line\"><\/div><h3 class=\"tdm-title tdm-title-xsm\">Telefon:\n<\/h3><\/div><\/div><\/div><\/div><div class=\"tdm_block td_block_wrap tdm_block_column_title td_uid_26_69e4e9dc19705_rand tdm-content-horiz-left td-pb-border-top td_block_template_5\"  data-td-block-uid=\"td_uid_26_69e4e9dc19705\" >\r\n<style>\r\n\r\n\/* inline tdc_css att *\/\r\n\r\n.td_uid_26_69e4e9dc19705_rand{\r\nmargin-bottom:20px !important;\r\n}\r\n\r\n\/* phone *\/\r\n@media (max-width: 767px)\r\n{\r\n.td_uid_26_69e4e9dc19705_rand{\r\nmargin-bottom:0px !important;\r\njustify-content:center !important;\r\ntext-align:center !important;\r\n}\r\n}\r\n\r\n<\/style><div class=\"td-block-row\"><div class=\"td-block-span12 tdm-col\">\r\n<style>\r\n.td_uid_27_69e4e9dc19afe .tdm-title-line  {\r\n\t\t\t\t\twidth: 120px;\r\n\t\t\t\t}\r\n\t\t\t\t\r\n\t\t\t\t.td_uid_27_69e4e9dc19afe .tdm-title-line:after  {\r\n\t\t\t\t\theight: 0px;\r\n\t\t\t\t}\r\n\t\t\t\t\r\n\t\t\t\t.td_uid_27_69e4e9dc19afe .tdm-title-line  {\r\n\t\t\t\t\theight: 0px;\r\n\t\t\t\t}\r\n\t\t\t\t\r\n\t\t\t\t.td_uid_27_69e4e9dc19afe .tdm-title-line:after   {\r\n\t\t\t\t\tbottom: 0%;\r\n\t\t\t\t}\r\n\t\t\t\t\r\n\t\t\t\t\r\n\t\t\t\t.td_uid_27_69e4e9dc19afe .tdm-title-sub  {\r\n\t\t\t\t\tmargin-bottom: 0px;\r\n\t\t\t\t}\r\n<\/style><div class=\"tds-title tds-title3 tdm-subtitle-above td-fix-index td_uid_27_69e4e9dc19afe\"><div class=\"tdm-title-sub\"><\/div><div class=\"tdm-title-line\"><\/div><h3 class=\"tdm-title tdm-title-md\"><a href=\"tel:+902126554053\">+90(212) 655 40 53<\/a><\/h3><\/div><\/div><\/div><\/div><\/div><\/div><\/div><\/div><\/div><\/div><\/div><\/div><div id=\"td_uid_9_69e4e9dc19e5b\" class=\"tdc-row stretch_row_content td-stretch-content\"><div class=\"vc_row td_uid_28_69e4e9dc19e5e_rand  wpb_row td-pb-row\" >\r\n<style scoped>\r\n\r\n\/* custom css *\/\r\n.td_uid_28_69e4e9dc19e5e_rand {\r\n                    min-height: 0;\r\n                }\r\n\/* inline tdc_css att *\/\r\n\r\n.td_uid_28_69e4e9dc19e5e_rand{\r\nmargin-top:-200px !important;\r\n}\r\n\r\n.td_uid_28_69e4e9dc19e5e_rand .td_block_wrap{ text-align:left }\r\n\r\n\/* phone *\/\r\n@media (max-width: 767px)\r\n{\r\n.td_uid_28_69e4e9dc19e5e_rand{\r\nmargin-top:0px !important;\r\nmargin-right:-20px !important;\r\nmargin-left:-20px !important;\r\n}\r\n}\r\n\r\n<\/style><div class=\"vc_column td_uid_29_69e4e9dc19ff1_rand  wpb_column vc_column_container tdc-column td-pb-span12\">\r\n<style scoped>\r\n\r\n\/* custom css *\/\r\n.td_uid_29_69e4e9dc19ff1_rand {\r\n                    vertical-align: baseline;\r\n                }\r\n<\/style><div class=\"wpb_wrapper\"><div class=\"wpb_wrapper td_block_wrap vc_raw_html td_uid_30_69e4e9dc1a0c1_rand\">\r\n<style scoped>\r\n\r\n\/* inline tdc_css att *\/\r\n\r\n.td_uid_30_69e4e9dc1a0c1_rand{\r\nmargin-bottom:-5px !important;\r\njustify-content:center !important;\r\ntext-align:center !important;\r\n}\r\n\r\n<\/style><div class=\"td-fix-index\"><iframe src=\"https:\/\/www.google.com\/maps\/embed?pb=!1m18!1m12!1m3!1d244.01226008263706!2d28.823485950782654!3d41.01329590174722!2m3!1f0!2f0!3f0!3m2!1i1024!2i768!4f13.1!3m3!1m2!1s0x0%3A0x2c863ef8e7159a16!2zRWdlIMSwxZ8gTWVya2V6aQ!5e0!3m2!1str!2str!4v1610047092818!5m2!1str!2str\" width=\"1200\" height=\"450\" frameborder=\"0\" style=\"border:0;\" allowfullscreen=\"\" aria-hidden=\"false\" tabindex=\"0\"><\/iframe><\/div><\/div><\/div><\/div><\/div><\/div><\/div><\/div>","protected":false},"excerpt":{"rendered":"","protected":false},"author":1,"featured_media":0,"parent":0,"menu_order":0,"comment_status":"open","ping_status":"closed","template":"page-pagebuilder-overlay.php","meta":[],"_links":{"self":[{"href":"http:\/\/www.minttextile.com\/en\/wp-json\/wp\/v2\/pages\/49"}],"collection":[{"href":"http:\/\/www.minttextile.com\/en\/wp-json\/wp\/v2\/pages"}],"about":[{"href":"http:\/\/www.minttextile.com\/en\/wp-json\/wp\/v2\/types\/page"}],"author":[{"embeddable":true,"href":"http:\/\/www.minttextile.com\/en\/wp-json\/wp\/v2\/users\/1"}],"replies":[{"embeddable":true,"href":"http:\/\/www.minttextile.com\/en\/wp-json\/wp\/v2\/comments?post=49"}],"version-history":[{"count":6,"href":"http:\/\/www.minttextile.com\/en\/wp-json\/wp\/v2\/pages\/49\/revisions"}],"predecessor-version":[{"id":963,"href":"http:\/\/www.minttextile.com\/en\/wp-json\/wp\/v2\/pages\/49\/revisions\/963"}],"wp:attachment":[{"href":"http:\/\/www.minttextile.com\/en\/wp-json\/wp\/v2\/media?parent=49"}],"curies":[{"name":"wp","href":"https:\/\/api.w.org\/{rel}","templated":true}]}}